{"id":56,"date":"2025-12-15T07:02:31","date_gmt":"2025-12-15T07:02:31","guid":{"rendered":"https:\/\/autoallweg.ch\/?page_id=56"},"modified":"2025-12-20T06:15:43","modified_gmt":"2025-12-20T06:15:43","slug":"about-us","status":"publish","type":"page","link":"https:\/\/autoallweg.ch\/index.php\/about-us\/","title":{"rendered":"About Us"},"content":{"rendered":"<style>.elementor-56 .elementor-element.elementor-element-129d16c{--display:flex;--min-height:550px;--flex-direction:row;--container-widget-width:calc( ( 1 - var( --container-widget-flex-grow ) ) * 100% );--container-widget-height:100%;--container-widget-flex-grow:1;--container-widget-align-self:stretch;--flex-wrap-mobile:wrap;--align-items:center;--gap:0px 0px;--row-gap:0px;--column-gap:0px;--overlay-opacity:0.5;}.elementor-56 .elementor-element.elementor-element-129d16c:not(.elementor-motion-effects-element-type-background), .elementor-56 .elementor-element.elementor-element-129d16c > .elementor-motion-effects-container > .elementor-motion-effects-layer{background-image:url(\"https:\/\/autoallweg.ch\/wp-content\/uploads\/2025\/12\/hero-about.jpg\");background-position:center center;background-repeat:no-repeat;background-size:cover;}.elementor-56 .elementor-element.elementor-element-129d16c::before, .elementor-56 .elementor-element.elementor-element-129d16c > .elementor-background-video-container::before, .elementor-56 .elementor-element.elementor-element-129d16c > .e-con-inner > .elementor-background-video-container::before, .elementor-56 .elementor-element.elementor-element-129d16c > .elementor-background-slideshow::before, .elementor-56 .elementor-element.elementor-element-129d16c > .e-con-inner > .elementor-background-slideshow::before, .elementor-56 .elementor-element.elementor-element-129d16c > .elementor-motion-effects-container > .elementor-motion-effects-layer::before{background-color:var( --e-global-color-text );--background-overlay:'';}.elementor-56 .elementor-element.elementor-element-1ff7a11{--display:flex;}.elementor-56 .elementor-element.elementor-element-b6ee2b7{padding:0px 0px 0px 16px;border-style:solid;border-width:0px 0px 0px 5px;border-color:var( --e-global-color-secondary );}.elementor-56 .elementor-element.elementor-element-b6ee2b7 .elementor-heading-title{font-family:var( --e-global-typography-376e2f7-font-family ), Sans-serif;font-size:var( --e-global-typography-376e2f7-font-size );font-weight:var( --e-global-typography-376e2f7-font-weight );text-transform:var( --e-global-typography-376e2f7-text-transform );font-style:var( --e-global-typography-376e2f7-font-style );line-height:var( --e-global-typography-376e2f7-line-height );letter-spacing:var( --e-global-typography-376e2f7-letter-spacing );color:var( --e-global-color-secondary );}.elementor-56 .elementor-element.elementor-element-a6466c1{--display:flex;--flex-direction:row;--container-widget-width:calc( ( 1 - var( --container-widget-flex-grow ) ) * 100% );--container-widget-height:100%;--container-widget-flex-grow:1;--container-widget-align-self:stretch;--flex-wrap-mobile:wrap;--align-items:stretch;--gap:0px 0px;--row-gap:0px;--column-gap:0px;}.elementor-56 .elementor-element.elementor-element-b890af5{--display:flex;}.elementor-56 .elementor-element.elementor-element-d23fc99 .elementor-heading-title{font-family:var( --e-global-typography-bce972e-font-family ), Sans-serif;font-size:var( --e-global-typography-bce972e-font-size );font-weight:var( --e-global-typography-bce972e-font-weight );font-style:var( --e-global-typography-bce972e-font-style );line-height:var( --e-global-typography-bce972e-line-height );letter-spacing:var( --e-global-typography-bce972e-letter-spacing );color:var( --e-global-color-3609ad8 );}.elementor-56 .elementor-element.elementor-element-9ddaa5e{--display:flex;}.elementor-56 .elementor-element.elementor-element-198c653{--display:flex;--flex-direction:row;--container-widget-width:calc( ( 1 - var( --container-widget-flex-grow ) ) * 100% );--container-widget-height:100%;--container-widget-flex-grow:1;--container-widget-align-self:stretch;--flex-wrap-mobile:wrap;--align-items:center;--gap:0px 0px;--row-gap:0px;--column-gap:0px;--overflow:hidden;--padding-top:100px;--padding-bottom:100px;--padding-left:0px;--padding-right:0px;}.elementor-56 .elementor-element.elementor-element-f75201c{--display:flex;--justify-content:center;--padding-top:0px;--padding-bottom:0px;--padding-left:0px;--padding-right:0px;}.elementor-56 .elementor-element.elementor-element-03c9299 .elementor-heading-title{font-family:var( --e-global-typography-7116564-font-family ), Sans-serif;font-size:var( --e-global-typography-7116564-font-size );font-weight:var( --e-global-typography-7116564-font-weight );font-style:var( --e-global-typography-7116564-font-style );line-height:var( --e-global-typography-7116564-line-height );letter-spacing:var( --e-global-typography-7116564-letter-spacing );color:var( --e-global-color-text );}.elementor-56 .elementor-element.elementor-element-6789cab{margin:0px 0px calc(var(--kit-widget-spacing, 0px) + -32px) 0px;padding:0px 0px 0px 0px;}.elementor-56 .elementor-element.elementor-element-db171f7 .elementor-heading-title{font-family:var( --e-global-typography-03b067d-font-family ), Sans-serif;font-size:var( --e-global-typography-03b067d-font-size );font-weight:var( --e-global-typography-03b067d-font-weight );font-style:var( --e-global-typography-03b067d-font-style );line-height:var( --e-global-typography-03b067d-line-height );letter-spacing:var( --e-global-typography-03b067d-letter-spacing );}.elementor-56 .elementor-element.elementor-element-05baca7{--display:flex;}.elementor-56 .elementor-element.elementor-element-88de32d img{width:100%;border-radius:4px 4px 4px 4px;}@media(min-width:768px){.elementor-56 .elementor-element.elementor-element-198c653{--content-width:1196px;}}@media(max-width:1024px){.elementor-56 .elementor-element.elementor-element-129d16c{--min-height:300px;--padding-top:0px;--padding-bottom:0px;--padding-left:32px;--padding-right:32px;}.elementor-56 .elementor-element.elementor-element-b6ee2b7 .elementor-heading-title{font-size:var( --e-global-typography-376e2f7-font-size );line-height:var( --e-global-typography-376e2f7-line-height );letter-spacing:var( --e-global-typography-376e2f7-letter-spacing );}.elementor-56 .elementor-element.elementor-element-d23fc99 .elementor-heading-title{font-size:var( --e-global-typography-bce972e-font-size );line-height:var( --e-global-typography-bce972e-line-height );letter-spacing:var( --e-global-typography-bce972e-letter-spacing );}.elementor-56 .elementor-element.elementor-element-198c653{--padding-top:50px;--padding-bottom:50px;--padding-left:0px;--padding-right:0px;}.elementor-56 .elementor-element.elementor-element-f75201c{--padding-top:0px;--padding-bottom:0px;--padding-left:32px;--padding-right:32px;}.elementor-56 .elementor-element.elementor-element-03c9299 .elementor-heading-title{font-size:var( --e-global-typography-7116564-font-size );line-height:var( --e-global-typography-7116564-line-height );letter-spacing:var( --e-global-typography-7116564-letter-spacing );}.elementor-56 .elementor-element.elementor-element-db171f7 .elementor-heading-title{font-size:var( --e-global-typography-03b067d-font-size );line-height:var( --e-global-typography-03b067d-line-height );letter-spacing:var( --e-global-typography-03b067d-letter-spacing );}.elementor-56 .elementor-element.elementor-element-05baca7{--justify-content:center;}}@media(max-width:767px){.elementor-56 .elementor-element.elementor-element-b6ee2b7 .elementor-heading-title{font-size:var( --e-global-typography-376e2f7-font-size );line-height:var( --e-global-typography-376e2f7-line-height );letter-spacing:var( --e-global-typography-376e2f7-letter-spacing );}.elementor-56 .elementor-element.elementor-element-a6466c1{--margin-top:-16px;--margin-bottom:0px;--margin-left:0px;--margin-right:0px;}.elementor-56 .elementor-element.elementor-element-d23fc99 .elementor-heading-title{font-size:var( --e-global-typography-bce972e-font-size );line-height:var( --e-global-typography-bce972e-line-height );letter-spacing:var( --e-global-typography-bce972e-letter-spacing );}.elementor-56 .elementor-element.elementor-element-9ddaa5e{--padding-top:16px;--padding-bottom:0px;--padding-left:0px;--padding-right:0px;}.elementor-56 .elementor-element.elementor-element-f75201c{--padding-top:0px;--padding-bottom:50px;--padding-left:16px;--padding-right:16px;}.elementor-56 .elementor-element.elementor-element-03c9299 .elementor-heading-title{font-size:var( --e-global-typography-7116564-font-size );line-height:var( --e-global-typography-7116564-line-height );letter-spacing:var( --e-global-typography-7116564-letter-spacing );}.elementor-56 .elementor-element.elementor-element-db171f7 .elementor-heading-title{font-size:var( --e-global-typography-03b067d-font-size );line-height:var( --e-global-typography-03b067d-line-height );letter-spacing:var( --e-global-typography-03b067d-letter-spacing );}}<\/style>\t\t<div data-elementor-type=\"wp-page\" data-elementor-id=\"56\" class=\"elementor elementor-56\" data-elementor-post-type=\"page\">\n\t\t\t\t<div class=\"elementor-element elementor-element-129d16c e-flex e-con-boxed e-con e-parent\" data-id=\"129d16c\" data-element_type=\"container\" data-settings=\"{&quot;background_background&quot;:&quot;classic&quot;}\">\n\t\t\t\t\t<div class=\"e-con-inner\">\n\t\t<div class=\"elementor-element elementor-element-1ff7a11 e-flex e-con-boxed e-con e-child\" data-id=\"1ff7a11\" data-element_type=\"container\">\n\t\t\t\t\t<div class=\"e-con-inner\">\n\t\t\t\t<div class=\"elementor-element elementor-element-b6ee2b7 elementor-invisible elementor-widget elementor-widget-heading\" data-id=\"b6ee2b7\" data-element_type=\"widget\" data-settings=\"{&quot;_animation&quot;:&quot;fadeInLeft&quot;}\" data-widget_type=\"heading.default\">\n\t\t\t\t\t<h6 class=\"elementor-heading-title elementor-size-default\">\u00dcber Auto Allweg<\/h6>\t\t\t\t<\/div>\n\t\t<div class=\"elementor-element elementor-element-a6466c1 e-con-full e-flex e-con e-child\" data-id=\"a6466c1\" data-element_type=\"container\">\n\t\t<div class=\"elementor-element elementor-element-b890af5 e-con-full e-flex e-con e-child\" data-id=\"b890af5\" data-element_type=\"container\">\n\t\t\t\t<div class=\"elementor-element elementor-element-d23fc99 elementor-invisible elementor-widget elementor-widget-heading\" data-id=\"d23fc99\" data-element_type=\"widget\" data-settings=\"{&quot;_animation&quot;:&quot;fadeInUp&quot;}\" data-widget_type=\"heading.default\">\n\t\t\t\t\t<h1 class=\"elementor-heading-title elementor-size-default\">\u00dcber Auto Allweg<\/h1>\t\t\t\t<\/div>\n\t\t\t\t<\/div>\n\t\t<div class=\"elementor-element elementor-element-9ddaa5e e-con-full e-flex e-con e-child\" data-id=\"9ddaa5e\" data-element_type=\"container\">\n\t\t\t\t<\/div>\n\t\t\t\t<\/div>\n\t\t\t\t\t<\/div>\n\t\t\t\t<\/div>\n\t\t\t\t\t<\/div>\n\t\t\t\t<\/div>\n\t\t<div class=\"elementor-element elementor-element-198c653 e-flex e-con-boxed e-con e-parent\" data-id=\"198c653\" data-element_type=\"container\">\n\t\t\t\t\t<div class=\"e-con-inner\">\n\t\t<div class=\"elementor-element elementor-element-f75201c e-con-full e-flex e-con e-child\" data-id=\"f75201c\" data-element_type=\"container\">\n\t\t\t\t<div class=\"elementor-element elementor-element-03c9299 elementor-invisible elementor-widget elementor-widget-heading\" data-id=\"03c9299\" data-element_type=\"widget\" data-settings=\"{&quot;_animation&quot;:&quot;fadeInUp&quot;}\" data-widget_type=\"heading.default\">\n\t\t\t\t\t<h2 class=\"elementor-heading-title elementor-size-default\">Ihr zuverl\u00e4ssiger Partner beim Fahrzeugverkauf<\/h2>\t\t\t\t<\/div>\n\t\t\t\t<div class=\"elementor-element elementor-element-6789cab elementor-widget elementor-widget-text-editor\" data-id=\"6789cab\" data-element_type=\"widget\" data-widget_type=\"text-editor.default\">\n\t\t\t\t\t\t\t\t\t<p>Bei <strong data-start=\"401\" data-end=\"416\">Auto Allweg<\/strong> haben wir es uns zur Aufgabe gemacht, den Fahrzeugverkauf f\u00fcr unsere Kunden <strong data-start=\"493\" data-end=\"521\">einfach, sicher und fair<\/strong> zu gestalten. Wir verstehen, dass der Verkauf eines Autos oft zeitaufwendig, kompliziert und mit Unsicherheiten verbunden sein kann. Genau hier setzen wir an: Wir bieten Ihnen einen Service, der schnell, transparent und kundenfreundlich ist.<\/p>\t\t\t\t\t\t\t\t<\/div>\n\t\t\t\t<div class=\"elementor-element elementor-element-db171f7 elementor-widget elementor-widget-heading\" data-id=\"db171f7\" data-element_type=\"widget\" data-widget_type=\"heading.default\">\n\t\t\t\t\t<h4 class=\"elementor-heading-title elementor-size-default\">Unsere Philosophie<\/h4>\t\t\t\t<\/div>\n\t\t\t\t<div class=\"elementor-element elementor-element-e61494b elementor-widget elementor-widget-text-editor\" data-id=\"e61494b\" data-element_type=\"widget\" data-widget_type=\"text-editor.default\">\n\t\t\t\t\t\t\t\t\t<p>Unsere Philosophie basiert auf <strong data-start=\"830\" data-end=\"869\">Vertrauen, Transparenz und Fairness<\/strong>. Jeder Kunde ist einzigartig, ebenso wie jedes Fahrzeug. Deshalb legen wir gro\u00dfen Wert darauf, Ihnen <strong data-start=\"971\" data-end=\"1000\">ma\u00dfgeschneiderte L\u00f6sungen<\/strong> zu bieten, die Ihren Bed\u00fcrfnissen entsprechen. Bei uns wissen Sie jederzeit, woran Sie sind \u2013 keine versteckten Kosten, keine komplizierten Abl\u00e4ufe.<\/p>\t\t\t\t\t\t\t\t<\/div>\n\t\t\t\t<\/div>\n\t\t<div class=\"elementor-element elementor-element-05baca7 e-con-full e-flex e-con e-child\" data-id=\"05baca7\" data-element_type=\"container\">\n\t\t\t\t<div class=\"elementor-element elementor-element-88de32d elementor-invisible elementor-widget elementor-widget-image\" data-id=\"88de32d\" data-element_type=\"widget\" data-settings=\"{&quot;_animation&quot;:&quot;fadeInRight&quot;}\" data-widget_type=\"image.default\">\n\t\t\t\t\t\t\t\t\t\t\t\t\t\t\t<img fetchpriority=\"high\" decoding=\"async\" width=\"800\" height=\"534\" src=\"https:\/\/autoallweg.ch\/wp-content\/uploads\/2025\/12\/elegant-woman-with-little-daughter-car-salon-1024x683.jpg\" class=\"attachment-large size-large wp-image-389\" alt=\"\" srcset=\"https:\/\/autoallweg.ch\/wp-content\/uploads\/2025\/12\/elegant-woman-with-little-daughter-car-salon-1024x683.jpg 1024w, https:\/\/autoallweg.ch\/wp-content\/uploads\/2025\/12\/elegant-woman-with-little-daughter-car-salon-300x200.jpg 300w, https:\/\/autoallweg.ch\/wp-content\/uploads\/2025\/12\/elegant-woman-with-little-daughter-car-salon-768x512.jpg 768w, https:\/\/autoallweg.ch\/wp-content\/uploads\/2025\/12\/elegant-woman-with-little-daughter-car-salon-1536x1024.jpg 1536w, https:\/\/autoallweg.ch\/wp-content\/uploads\/2025\/12\/elegant-woman-with-little-daughter-car-salon-2048x1365.jpg 2048w\" sizes=\"(max-width: 800px) 100vw, 800px\" \/>\t\t\t\t\t\t\t\t\t\t\t\t\t\t\t<\/div>\n\t\t\t\t<\/div>\n\t\t\t\t\t<\/div>\n\t\t\t\t<\/div>\n\t\t\t\t<\/div>\n\t\t","protected":false},"excerpt":{"rendered":"<p>\u00dcber Auto Allweg \u00dcber Auto Allweg Ihr zuverl\u00e4ssiger Partner beim Fahrzeugverkauf Bei Auto Allweg haben wir es uns zur Aufgabe gemacht, den Fahrzeugverkauf f\u00fcr unsere Kunden einfach, sicher und fair zu gestalten. Wir verstehen, dass der Verkauf eines Autos oft zeitaufwendig, kompliziert und mit Unsicherheiten verbunden sein kann. Genau hier setzen wir an: Wir bieten [&hellip;]<\/p>\n","protected":false},"author":1,"featured_media":0,"parent":0,"menu_order":0,"comment_status":"closed","ping_status":"closed","template":"elementor_header_footer","meta":{"footnotes":""},"class_list":["post-56","page","type-page","status-publish","hentry"],"_links":{"self":[{"href":"https:\/\/autoallweg.ch\/index.php\/wp-json\/wp\/v2\/pages\/56","targetHints":{"allow":["GET"]}}],"collection":[{"href":"https:\/\/autoallweg.ch\/index.php\/wp-json\/wp\/v2\/pages"}],"about":[{"href":"https:\/\/autoallweg.ch\/index.php\/wp-json\/wp\/v2\/types\/page"}],"author":[{"embeddable":true,"href":"https:\/\/autoallweg.ch\/index.php\/wp-json\/wp\/v2\/users\/1"}],"replies":[{"embeddable":true,"href":"https:\/\/autoallweg.ch\/index.php\/wp-json\/wp\/v2\/comments?post=56"}],"version-history":[{"count":22,"href":"https:\/\/autoallweg.ch\/index.php\/wp-json\/wp\/v2\/pages\/56\/revisions"}],"predecessor-version":[{"id":410,"href":"https:\/\/autoallweg.ch\/index.php\/wp-json\/wp\/v2\/pages\/56\/revisions\/410"}],"wp:attachment":[{"href":"https:\/\/autoallweg.ch\/index.php\/wp-json\/wp\/v2\/media?parent=56"}],"curies":[{"name":"wp","href":"https:\/\/api.w.org\/{rel}","templated":true}]}}